{"id":230,"date":"2023-11-10T13:16:57","date_gmt":"2023-11-10T12:16:57","guid":{"rendered":"https:\/\/www.bygge.trapart.net\/?page_id=230"},"modified":"2024-11-06T15:01:06","modified_gmt":"2024-11-06T14:01:06","slug":"film","status":"publish","type":"page","link":"https:\/\/www.bygge.trapart.net\/?page_id=230","title":{"rendered":"Film"},"content":{"rendered":"<p>Here you will find a few of the films produced by Trapart Film. To watch ALL of the films produced by us, please visit <strong><a href=\"https:\/\/thefenriswolf.substack.com\/t\/films\" target=\"_blank\" rel=\"noreferrer noopener\">The Fenris WOLF Substack<\/a><\/strong>. Thank you.<\/p><figure class=\"wp-block-embed is-type-video is-provider-youtube wp-block-embed-youtube wp-embed-aspect-16-9 wp-has-aspect-ratio\"><div class=\"wp-block-embed__wrapper\">\n<iframe loading=\"lazy\" title=\"SUB UMBRA ALARUM LUNA\" width=\"500\" height=\"281\" src=\"https:\/\/www.youtube.com\/embed\/wgvJ6WNTiFE?feature=oembed\" frameborder=\"0\" allow=\"accelerometer; autoplay; clipboard-write; encrypted-media; gyroscope; picture-in-picture; web-share\" referrerpolicy=\"strict-origin-when-cross-origin\" allowfullscreen><\/iframe>\n<\/div><figcaption class=\"wp-element-caption\">Sub Umbra Alarum Luna (Carl Abrahamsson, Sweden, 2016)<\/figcaption><\/figure><figure class=\"wp-block-embed is-type-video is-provider-youtube wp-block-embed-youtube wp-embed-aspect-16-9 wp-has-aspect-ratio\"><div class=\"wp-block-embed__wrapper\">\n<iframe loading=\"lazy\" title=\"Radio Mega Golem 6 \u2013 Carl Abrahamsson\" width=\"500\" height=\"281\" src=\"https:\/\/www.youtube.com\/embed\/EL7wsxJc8RQ?feature=oembed\" frameborder=\"0\" allow=\"accelerometer; autoplay; clipboard-write; encrypted-media; gyroscope; picture-in-picture; web-share\" referrerpolicy=\"strict-origin-when-cross-origin\" allowfullscreen><\/iframe>\n<\/div><figcaption class=\"wp-element-caption\">Radio Mega Golem 6 (Carl Abrahamsson, Sverige, 2021)<\/figcaption><\/figure><figure class=\"wp-block-embed is-type-video is-provider-youtube wp-block-embed-youtube wp-embed-aspect-16-9 wp-has-aspect-ratio\"><div class=\"wp-block-embed__wrapper\">\n<iframe loading=\"lazy\" title=\"Jag \u00e4r som flugan p\u00e5 v\u00e4ggen \u2013 En film om Lars Sundestrand\" width=\"500\" height=\"281\" src=\"https:\/\/www.youtube.com\/embed\/AbnzglLU7KM?feature=oembed\" frameborder=\"0\" allow=\"accelerometer; autoplay; clipboard-write; encrypted-media; gyroscope; picture-in-picture; web-share\" referrerpolicy=\"strict-origin-when-cross-origin\" allowfullscreen><\/iframe>\n<\/div><figcaption class=\"wp-element-caption\">Jag \u00e4r som flugan p\u00e5 v\u00e4ggen \u2013 En film om Lars Sundestrand (Carl Abrahamsson, Sverige, 2020)<\/figcaption><\/figure><figure class=\"wp-block-embed is-type-video is-provider-youtube wp-block-embed-youtube wp-embed-aspect-16-9 wp-has-aspect-ratio\"><div class=\"wp-block-embed__wrapper\">\n<iframe loading=\"lazy\" title=\"Gustaf Broms: The Mystery of Life\" width=\"500\" height=\"281\" src=\"https:\/\/www.youtube.com\/embed\/wbtINOdVedw?feature=oembed\" frameborder=\"0\" allow=\"accelerometer; autoplay; clipboard-write; encrypted-media; gyroscope; picture-in-picture; web-share\" referrerpolicy=\"strict-origin-when-cross-origin\" allowfullscreen><\/iframe>\n<\/div><figcaption class=\"wp-element-caption\">An Art Apart: Gustaf Broms \u2013 The Mystery of Life (Carl Abrahamsson, Sweden, 2016)<\/figcaption><\/figure>","protected":false},"excerpt":{"rendered":"<p>Here you will find a few of the films produced by Trapart Film. To watch ALL of the films produced by us, please visit The Fenris WOLF Substack. Thank you.<\/p>\n","protected":false},"author":1,"featured_media":0,"parent":209,"menu_order":0,"comment_status":"closed","ping_status":"closed","template":"","meta":{"footnotes":""},"class_list":["post-230","page","type-page","status-publish","hentry"],"jetpack_sharing_enabled":true,"_links":{"self":[{"href":"https:\/\/www.bygge.trapart.net\/index.php?rest_route=\/wp\/v2\/pages\/230","targetHints":{"allow":["GET"]}}],"collection":[{"href":"https:\/\/www.bygge.trapart.net\/index.php?rest_route=\/wp\/v2\/pages"}],"about":[{"href":"https:\/\/www.bygge.trapart.net\/index.php?rest_route=\/wp\/v2\/types\/page"}],"author":[{"embeddable":true,"href":"https:\/\/www.bygge.trapart.net\/index.php?rest_route=\/wp\/v2\/users\/1"}],"replies":[{"embeddable":true,"href":"https:\/\/www.bygge.trapart.net\/index.php?rest_route=%2Fwp%2Fv2%2Fcomments&post=230"}],"version-history":[{"count":10,"href":"https:\/\/www.bygge.trapart.net\/index.php?rest_route=\/wp\/v2\/pages\/230\/revisions"}],"predecessor-version":[{"id":934,"href":"https:\/\/www.bygge.trapart.net\/index.php?rest_route=\/wp\/v2\/pages\/230\/revisions\/934"}],"up":[{"embeddable":true,"href":"https:\/\/www.bygge.trapart.net\/index.php?rest_route=\/wp\/v2\/pages\/209"}],"wp:attachment":[{"href":"https:\/\/www.bygge.trapart.net\/index.php?rest_route=%2Fwp%2Fv2%2Fmedia&parent=230"}],"curies":[{"name":"wp","href":"https:\/\/api.w.org\/{rel}","templated":true}]}}